{"id":468,"date":"2026-05-04T14:11:54","date_gmt":"2026-05-04T11:11:54","guid":{"rendered":"https:\/\/erdalerkoc.com\/?page_id=468"},"modified":"2026-05-12T02:58:58","modified_gmt":"2026-05-11T23:58:58","slug":"istanbulda-rinoplasti-fiyatlari-2026-burun-estetigi-ucretleri-ne-kadar","status":"publish","type":"page","link":"https:\/\/erdalerkoc.com\/tr\/erdal-erkoc-clinic\/istanbulda-rinoplasti-fiyatlari-2026-burun-estetigi-ucretleri-ne-kadar\/","title":{"rendered":"\u0130stanbul\u2019da Rinoplasti Fiyatlar\u0131 2026: Burun Esteti\u011fi \u00dccretleri Ne Kadar?"},"content":{"rendered":"<figure class=\"wp-block-image size-full\"><img fetchpriority=\"high\" decoding=\"async\" width=\"673\" height=\"390\" src=\"https:\/\/erdalerkoc.com\/wp-content\/uploads\/2026\/05\/Ekran-Resmi-2026-05-04-16.30.46.png\" alt=\"\" class=\"wp-image-481\" srcset=\"https:\/\/erdalerkoc.com\/wp-content\/uploads\/2026\/05\/Ekran-Resmi-2026-05-04-16.30.46.png 673w, https:\/\/erdalerkoc.com\/wp-content\/uploads\/2026\/05\/Ekran-Resmi-2026-05-04-16.30.46-500x290.png 500w, https:\/\/erdalerkoc.com\/wp-content\/uploads\/2026\/05\/Ekran-Resmi-2026-05-04-16.30.46-300x174.png 300w, https:\/\/erdalerkoc.com\/wp-content\/uploads\/2026\/05\/Ekran-Resmi-2026-05-04-16.30.46-18x10.png 18w, https:\/\/erdalerkoc.com\/wp-content\/uploads\/2026\/05\/Ekran-Resmi-2026-05-04-16.30.46-129x75.png 129w, https:\/\/erdalerkoc.com\/wp-content\/uploads\/2026\/05\/Ekran-Resmi-2026-05-04-16.30.46-480x278.png 480w\" sizes=\"(max-width:767px) 480px, 673px\" \/><\/figure>\n\n\n\n<p><\/p>\n\n\n\n<p>\u0130stanbul, son y\u0131llarda <strong>rinoplasti (burun esteti\u011fi)<\/strong> alan\u0131nda hem yerli hem de yabanc\u0131 hastalar i\u00e7in \u00f6ne \u00e7\u0131kan bir sa\u011fl\u0131k merkezi haline gelmi\u015ftir. Geli\u015fmi\u015f sa\u011fl\u0131k altyap\u0131s\u0131, deneyimli cerrahlar ve farkl\u0131 b\u00fct\u00e7elere hitap eden se\u00e7enekler sayesinde \u015fehir, medikal turizmin en yo\u011fun noktalar\u0131ndan biri olarak dikkat \u00e7ekmektedir.<\/p>\n\n\n\n<p>Bu yaz\u0131da, <strong>\u0130stanbul\u2019da rinoplasti fiyatlar\u0131 2026<\/strong>, paket i\u00e7erikleri ve fiyatlar\u0131 etkileyen fakt\u00f6rler detayl\u0131 \u015fekilde ele al\u0131nmaktad\u0131r.<\/p>\n\n\n\n<h3 class=\"wp-block-heading\"><strong>\u0130stanbul\u2019da Burun Esteti\u011fi Fiyatlar\u0131 Ne Kadar?<\/strong><\/h3>\n\n\n\n<p>G\u00fcncel piyasa verilerine g\u00f6re \u0130stanbul\u2019da <strong>burun esteti\u011fi fiyatlar\u0131<\/strong>, cerrah\u0131n deneyimi, operasyonun kapsam\u0131 ve sunulan hizmetlere ba\u011fl\u0131 olarak de\u011fi\u015fmektedir.<\/p>\n\n\n\n<p>\u00d6zellikle ilk kez yap\u0131lan (primer) rinoplasti operasyonlar\u0131nda:<\/p>\n\n\n\n<ul class=\"wp-block-list\">\n<li>Deneyimli cerrahlar i\u00e7in sadece ameliyat\u0131n tekil \u00fccreti genellikle <strong>4.000 \u2013 8.000 Euro<\/strong><\/li>\n<\/ul>\n\n\n\n<p>Bu aral\u0131k, \u0130stanbul\u2019da en s\u0131k kar\u015f\u0131la\u015f\u0131lan burun esteti\u011fi fiyat band\u0131 olarak \u00f6ne \u00e7\u0131kmaktad\u0131r.<\/p>\n\n\n\n<p>\u0130stanbul\u2019da burun esteti\u011fi genellikle <strong>paket hizmetler<\/strong> \u015feklinde sunulmaktad\u0131r. Bu paketler \u00e7o\u011funlukla \u015fu hizmetleri i\u00e7erir:<\/p>\n\n\n\n<ul class=\"wp-block-list\">\n<li>Ameliyat ve hastane s\u00fcreci<\/li>\n\n\n\n<li>Doktor kontrolleri<\/li>\n\n\n\n<li>VIP transfer hizmetleri<\/li>\n\n\n\n<li>Otel konaklamas\u0131<\/li>\n<\/ul>\n\n\n\n<p>1 haftal\u0131k konaklama maliyetleri, otelin kalitesine g\u00f6re de\u011fi\u015fmekle birlikte ortalama:<\/p>\n\n\n\n<ul class=\"wp-block-list\">\n<li><strong>1.000 \u2013 2.000 Euro<\/strong> aral\u0131\u011f\u0131ndad\u0131r. Bu \u00fccret ameliyat fiyat\u0131n\u0131n \u00fczerine eklenir.<\/li>\n<\/ul>\n\n\n\n<p>Bu nedenle \u00f6zellikle yurt d\u0131\u015f\u0131ndan gelen hastalar i\u00e7in toplam maliyet paket halinde de\u011ferlendirilmelidir.<\/p>\n\n\n\n<h5 class=\"wp-block-heading\"><strong>Rinoplasti Fiyatlar\u0131n\u0131 Etkileyen Fakt\u00f6rler<\/strong><\/h5>\n\n\n\n<h6 class=\"wp-block-heading\"><strong>1. Cerrah\u0131n Deneyimi ve Ameliyat Yo\u011funlu\u011fu<\/strong><\/h6>\n\n\n\n<p>Rinoplasti fiyatlar\u0131n\u0131 belirleyen en \u00f6nemli fakt\u00f6rlerden biri cerrah\u0131n deneyimidir. Ayn\u0131 zamanda bir cerrah\u0131n g\u00fcnl\u00fck ameliyat say\u0131s\u0131 da \u00f6nemli bir kriterdir. Prati\u011fini tamamen burun cerrahisi \u00fczerine yo\u011funla\u015ft\u0131rm\u0131\u015f cerrahlar\u0131n se\u00e7imi son derece mant\u0131kl\u0131d\u0131r. Baz\u0131 cerrahlar daha butik bir hizmet anlay\u0131\u015f\u0131 benimseyerek hasta say\u0131s\u0131n\u0131 s\u0131n\u0131rl\u0131 tutmaktad\u0131r. Bu yakla\u015f\u0131m kapsam\u0131nda Dr Erdal Erko\u00e7\u2019un g\u00fcnde yaln\u0131zca bir hastay\u0131 ameliyat etti\u011fi ve ameliyat sonras\u0131 takip s\u00fcre\u00e7lerini titizlikle y\u00fcr\u00fctt\u00fc\u011f\u00fc dikkate al\u0131nmal\u0131d\u0131r.<\/p>\n\n\n\n<h6 class=\"wp-block-heading\"><strong>2. Hastane ve Klinik Kalitesi<\/strong><\/h6>\n\n\n\n<p>Ameliyat\u0131n yap\u0131ld\u0131\u011f\u0131 hastane:<\/p>\n\n\n\n<ul class=\"wp-block-list\">\n<li>Teknolojik altyap\u0131<\/li>\n\n\n\n<li>Hijyen standartlar\u0131<\/li>\n\n\n\n<li>Sa\u011fl\u0131k g\u00fcvenli\u011fi<\/li>\n<\/ul>\n\n\n\n<p>gibi unsurlar a\u00e7\u0131s\u0131ndan fiyat\u0131 do\u011frudan etkiler.<\/p>\n\n\n\n<h6 class=\"wp-block-heading\"><strong>3. Uygulanan Teknik (Kullan\u0131lan teknolojik ekipmanlar ve malzemeler)<\/strong><\/h6>\n\n\n\n<p>Kullan\u0131lan teknikler (piezo rinoplasti, burr rinoplasti, gereken ek materyaller, greftler) operasyon s\u00fcresini ve maliyeti de\u011fi\u015ftirebilir.<\/p>\n\n\n\n<h6 class=\"wp-block-heading\"><strong>4. Paket \u0130\u00e7eri\u011fi ve Otel Se\u00e7imi<\/strong><\/h6>\n\n\n\n<p>Sunulan hizmetin kapsam\u0131 ve otel kalitesi, toplam fiyat \u00fczerinde belirleyici rol oynar. 5 y\u0131ld\u0131zl\u0131 oteller ve kapsaml\u0131 VIP hizmetler maliyeti art\u0131rabilir.<\/p>\n\n\n\n<h5 class=\"wp-block-heading\"><strong>En Ucuz Rinoplasti Se\u00e7imi Do\u011fru Mu?<\/strong><\/h5>\n\n\n\n<p>Uzmanlara g\u00f6re yaln\u0131zca <strong>en ucuz burun esteti\u011fi fiyat\u0131n\u0131<\/strong> aramak do\u011fru bir yakla\u015f\u0131m de\u011fildir.<\/p>\n\n\n\n<p>D\u00fc\u015f\u00fck maliyetli operasyonlar k\u0131sa vadede avantajl\u0131 gibi g\u00f6r\u00fcnse de, istenmeyen sonu\u00e7lar sonras\u0131 <strong>revizyon rinoplasti<\/strong> ihtiyac\u0131n\u0131 do\u011furabilir. Revizyon ameliyatlar\u0131 genellikle:<\/p>\n\n\n\n<ul class=\"wp-block-list\">\n<li>Daha zor<\/li>\n\n\n\n<li>Daha riskli<\/li>\n\n\n\n<li>Daha pahal\u0131<\/li>\n<\/ul>\n\n\n\n<p>olmaktad\u0131r.<\/p>\n\n\n\n<p>Bu nedenle fiyat kadar kalite ve cerrah se\u00e7imi de b\u00fcy\u00fck \u00f6nem ta\u015f\u0131r.<\/p>\n\n\n\n<h3 class=\"wp-block-heading\"><strong>\u0130stanbul\u2019da Rinoplasti \u0130\u00e7in Ortalama B\u00fct\u00e7e<\/strong><\/h3>\n\n\n\n<p>Genel bir b\u00fct\u00e7e planlamas\u0131 yapmak gerekirse:<\/p>\n\n\n\n<ul class=\"wp-block-list\">\n<li>T\u00fcrkiye\u2019de ya\u015fayan ve konaklama ihtiyac\u0131 olmayan hastalar i\u00e7in:<br><strong>4.000 \u2013 6.000 Euro<\/strong><\/li>\n\n\n\n<li>Yurt d\u0131\u015f\u0131ndan \u0130stanbul\u2019a gelen hastalar i\u00e7in (otel + transfer dahil):<br><strong>6.000 \u2013 10.000 Euro<\/strong><\/li>\n<\/ul>\n\n\n\n<p>Bu aral\u0131klar, \u0130stanbul\u2019daki ortalama hizmet paketlerine g\u00f6re \u015fekillenmektedir.<\/p>\n\n\n\n<h5 class=\"wp-block-heading\"><strong>Sonu\u00e7: \u0130stanbul\u2019da Burun Esteti\u011fi Yapt\u0131r\u0131l\u0131r m\u0131?<\/strong><\/h5>\n\n\n\n<p>\u0130stanbul, rinoplasti alan\u0131nda geni\u015f fiyat se\u00e7enekleri ve deneyimli cerrahlar\u0131yla g\u00fc\u00e7l\u00fc bir alternatiftir. Ancak do\u011fru karar verebilmek i\u00e7in:<\/p>\n\n\n\n<ul class=\"wp-block-list\">\n<li>Cerrah\u0131n deneyimi<\/li>\n\n\n\n<li>G\u00fcnl\u00fck ameliyat say\u0131s\u0131<\/li>\n\n\n\n<li>Hastane kalitesi<\/li>\n\n\n\n<li>Sunulan hizmet paketi<\/li>\n<\/ul>\n\n\n\n<p>birlikte de\u011ferlendirilmelidir.<\/p>\n\n\n\n<p>Sadece fiyat odakl\u0131 se\u00e7imler yerine, uzun vadeli sonu\u00e7lar\u0131 d\u00fc\u015f\u00fcnerek hareket etmek \u00e7ok daha sa\u011fl\u0131kl\u0131 olacakt\u0131r.<\/p>\n\n\n\n<hr class=\"wp-block-separator has-alpha-channel-opacity\"\/>\n\n\n\n<p><strong>Dipnot:<\/strong> Bu i\u00e7erikte yer alan bilgiler fiyatland\u0131rma amac\u0131 ta\u015f\u0131mamakta olup yaln\u0131zca genel bilgilendirme amac\u0131yla sunulmu\u015ftur. Fiyatlar her klinik ve doktor i\u00e7in farkl\u0131l\u0131k g\u00f6sterebilir; bu nedenle burada yer alan bilgiler \u00fczerinden herhangi bir finansal sorumluluk kabul edilmez.<\/p>","protected":false},"excerpt":{"rendered":"<p>\u0130stanbul, son y\u0131llarda rinoplasti (burun esteti\u011fi) alan\u0131nda hem yerli hem de yabanc\u0131 hastalar i\u00e7in \u00f6ne \u00e7\u0131kan bir sa\u011fl\u0131k merkezi haline gelmi\u015ftir. Geli\u015fmi\u015f sa\u011fl\u0131k altyap\u0131s\u0131, deneyimli cerrahlar<span class=\"excerpt-hellip\"> [\u2026]<\/span><\/p>\n","protected":false},"author":1,"featured_media":0,"parent":374,"menu_order":7,"comment_status":"closed","ping_status":"closed","template":"","meta":{"_coblocks_attr":"","_coblocks_dimensions":"","_coblocks_responsive_height":"","_coblocks_accordion_ie_support":"","footnotes":""},"class_list":["post-468","page","type-page","status-publish","hentry"],"yoast_head":"<!-- This site is optimized with the Yoast SEO plugin v27.6 - https:\/\/yoast.com\/product\/yoast-seo-wordpress\/ -->\n<title>\u0130stanbul\u2019da Rinoplasti Fiyatlar\u0131 2026: Burun Esteti\u011fi \u00dccretleri Ne Kadar? | Op. Dr. Erdal Erko\u00e7<\/title>\n<meta name=\"description\" content=\"\u0130stanbul, son y\u0131llarda rinoplasti (burun esteti\u011fi) alan\u0131nda hem yerli hem de yabanc\u0131 hastalar i\u00e7in \u00f6ne \u00e7\u0131kan bir sa\u011fl\u0131k merkezi haline gelmi\u015ftir. Geli\u015fmi\u015f sa\u011fl\u0131k altyap\u0131s\u0131, deneyimli cerrahlar ve farkl\u0131 b\u00fct\u00e7elere hitap eden se\u00e7enekler sayesinde \u015fehir, medikal turizmin en yo\u011fun noktalar\u0131ndan biri olarak dikkat \u00e7ekmektedir.Bu yaz\u0131da, \u0130stanbul\u2019da rinoplasti fiyatlar\u0131 2026, paket i\u00e7erikleri ve fiyatlar\u0131 etkileyen fakt\u00f6rler detayl\u0131 \u015fekilde ele al\u0131nmaktad\u0131r.\" \/>\n<meta name=\"robots\" content=\"index, follow, max-snippet:-1, max-image-preview:large, max-video-preview:-1\" \/>\n<link rel=\"canonical\" href=\"https:\/\/erdalerkoc.com\/tr\/erdal-erkoc-clinic\/istanbulda-rinoplasti-fiyatlari-2026-burun-estetigi-ucretleri-ne-kadar\/\" \/>\n<meta property=\"og:locale\" content=\"tr_TR\" \/>\n<meta property=\"og:type\" content=\"article\" \/>\n<meta property=\"og:title\" content=\"\u0130stanbul\u2019da Rinoplasti Fiyatlar\u0131 2026: Burun Esteti\u011fi \u00dccretleri Ne Kadar? | Op. Dr. Erdal Erko\u00e7\" \/>\n<meta property=\"og:description\" content=\"\u0130stanbul, son y\u0131llarda rinoplasti (burun esteti\u011fi) alan\u0131nda hem yerli hem de yabanc\u0131 hastalar i\u00e7in \u00f6ne \u00e7\u0131kan bir sa\u011fl\u0131k merkezi haline gelmi\u015ftir. Geli\u015fmi\u015f sa\u011fl\u0131k altyap\u0131s\u0131, deneyimli cerrahlar ve farkl\u0131 b\u00fct\u00e7elere hitap eden se\u00e7enekler sayesinde \u015fehir, medikal turizmin en yo\u011fun noktalar\u0131ndan biri olarak dikkat \u00e7ekmektedir.Bu yaz\u0131da, \u0130stanbul\u2019da rinoplasti fiyatlar\u0131 2026, paket i\u00e7erikleri ve fiyatlar\u0131 etkileyen fakt\u00f6rler detayl\u0131 \u015fekilde ele al\u0131nmaktad\u0131r.\" \/>\n<meta property=\"og:url\" content=\"https:\/\/erdalerkoc.com\/tr\/erdal-erkoc-clinic\/istanbulda-rinoplasti-fiyatlari-2026-burun-estetigi-ucretleri-ne-kadar\/\" \/>\n<meta property=\"og:site_name\" content=\"Op. Dr. Erdal Erko\u00e7\" \/>\n<meta property=\"article:modified_time\" content=\"2026-05-11T23:58:58+00:00\" \/>\n<meta property=\"og:image\" content=\"https:\/\/erdalerkoc.com\/wp-content\/uploads\/2026\/05\/Ekran-Resmi-2026-05-04-16.30.46.png\" \/>\n\t<meta property=\"og:image:width\" content=\"673\" \/>\n\t<meta property=\"og:image:height\" content=\"390\" \/>\n\t<meta property=\"og:image:type\" content=\"image\/png\" \/>\n<meta name=\"twitter:card\" content=\"summary_large_image\" \/>\n<meta name=\"twitter:site\" content=\"@drerdalerkoc\" \/>\n<meta name=\"twitter:label1\" content=\"Tahmini okuma s\u00fcresi\" \/>\n\t<meta name=\"twitter:data1\" content=\"4 dakika\" \/>\n<script type=\"application\/ld+json\" class=\"yoast-schema-graph\">{\"@context\":\"https:\\\/\\\/schema.org\",\"@graph\":[{\"@type\":\"WebPage\",\"@id\":\"https:\\\/\\\/erdalerkoc.com\\\/erdal-erkoc-clinic\\\/istanbulda-rinoplasti-fiyatlari-2026-burun-estetigi-ucretleri-ne-kadar\\\/\",\"url\":\"https:\\\/\\\/erdalerkoc.com\\\/erdal-erkoc-clinic\\\/istanbulda-rinoplasti-fiyatlari-2026-burun-estetigi-ucretleri-ne-kadar\\\/\",\"name\":\"\u0130stanbul\u2019da Rinoplasti Fiyatlar\u0131 2026: Burun Esteti\u011fi \u00dccretleri Ne Kadar? | Op. Dr. Erdal Erko\u00e7\",\"isPartOf\":{\"@id\":\"https:\\\/\\\/erdalerkoc.com\\\/tr\\\/#website\"},\"primaryImageOfPage\":{\"@id\":\"https:\\\/\\\/erdalerkoc.com\\\/erdal-erkoc-clinic\\\/istanbulda-rinoplasti-fiyatlari-2026-burun-estetigi-ucretleri-ne-kadar\\\/#primaryimage\"},\"image\":{\"@id\":\"https:\\\/\\\/erdalerkoc.com\\\/erdal-erkoc-clinic\\\/istanbulda-rinoplasti-fiyatlari-2026-burun-estetigi-ucretleri-ne-kadar\\\/#primaryimage\"},\"thumbnailUrl\":\"https:\\\/\\\/erdalerkoc.com\\\/wp-content\\\/uploads\\\/2026\\\/05\\\/Ekran-Resmi-2026-05-04-16.30.46.png\",\"datePublished\":\"2026-05-04T11:11:54+00:00\",\"dateModified\":\"2026-05-11T23:58:58+00:00\",\"description\":\"\u0130stanbul, son y\u0131llarda rinoplasti (burun esteti\u011fi) alan\u0131nda hem yerli hem de yabanc\u0131 hastalar i\u00e7in \u00f6ne \u00e7\u0131kan bir sa\u011fl\u0131k merkezi haline gelmi\u015ftir. Geli\u015fmi\u015f sa\u011fl\u0131k altyap\u0131s\u0131, deneyimli cerrahlar ve farkl\u0131 b\u00fct\u00e7elere hitap eden se\u00e7enekler sayesinde \u015fehir, medikal turizmin en yo\u011fun noktalar\u0131ndan biri olarak dikkat \u00e7ekmektedir.Bu yaz\u0131da, \u0130stanbul\u2019da rinoplasti fiyatlar\u0131 2026, paket i\u00e7erikleri ve fiyatlar\u0131 etkileyen fakt\u00f6rler detayl\u0131 \u015fekilde ele al\u0131nmaktad\u0131r.\",\"breadcrumb\":{\"@id\":\"https:\\\/\\\/erdalerkoc.com\\\/erdal-erkoc-clinic\\\/istanbulda-rinoplasti-fiyatlari-2026-burun-estetigi-ucretleri-ne-kadar\\\/#breadcrumb\"},\"inLanguage\":\"tr\",\"potentialAction\":[{\"@type\":\"ReadAction\",\"target\":[\"https:\\\/\\\/erdalerkoc.com\\\/erdal-erkoc-clinic\\\/istanbulda-rinoplasti-fiyatlari-2026-burun-estetigi-ucretleri-ne-kadar\\\/\"]}]},{\"@type\":\"ImageObject\",\"inLanguage\":\"tr\",\"@id\":\"https:\\\/\\\/erdalerkoc.com\\\/erdal-erkoc-clinic\\\/istanbulda-rinoplasti-fiyatlari-2026-burun-estetigi-ucretleri-ne-kadar\\\/#primaryimage\",\"url\":\"https:\\\/\\\/erdalerkoc.com\\\/wp-content\\\/uploads\\\/2026\\\/05\\\/Ekran-Resmi-2026-05-04-16.30.46.png\",\"contentUrl\":\"https:\\\/\\\/erdalerkoc.com\\\/wp-content\\\/uploads\\\/2026\\\/05\\\/Ekran-Resmi-2026-05-04-16.30.46.png\"},{\"@type\":\"BreadcrumbList\",\"@id\":\"https:\\\/\\\/erdalerkoc.com\\\/erdal-erkoc-clinic\\\/istanbulda-rinoplasti-fiyatlari-2026-burun-estetigi-ucretleri-ne-kadar\\\/#breadcrumb\",\"itemListElement\":[{\"@type\":\"ListItem\",\"position\":1,\"name\":\"Anasayfa\",\"item\":\"https:\\\/\\\/erdalerkoc.com\\\/\"},{\"@type\":\"ListItem\",\"position\":2,\"name\":\"EE Clinic\",\"item\":\"https:\\\/\\\/erdalerkoc.com\\\/erdal-erkoc-clinic\\\/\"},{\"@type\":\"ListItem\",\"position\":3,\"name\":\"\u0130stanbul\u2019da Rinoplasti Fiyatlar\u0131 2026: Burun Esteti\u011fi \u00dccretleri Ne Kadar?\"}]},{\"@type\":\"WebSite\",\"@id\":\"https:\\\/\\\/erdalerkoc.com\\\/tr\\\/#website\",\"url\":\"https:\\\/\\\/erdalerkoc.com\\\/tr\\\/\",\"name\":\"Op. Dr. Erdal Erko\u00e7\",\"description\":\"Rhinoplasty Expert\",\"publisher\":{\"@id\":\"https:\\\/\\\/erdalerkoc.com\\\/tr\\\/#organization\"},\"alternateName\":\"Rhinoplasty Expert\",\"potentialAction\":[{\"@type\":\"SearchAction\",\"target\":{\"@type\":\"EntryPoint\",\"urlTemplate\":\"https:\\\/\\\/erdalerkoc.com\\\/tr\\\/?s={search_term_string}\"},\"query-input\":{\"@type\":\"PropertyValueSpecification\",\"valueRequired\":true,\"valueName\":\"search_term_string\"}}],\"inLanguage\":\"tr\"},{\"@type\":\"Organization\",\"@id\":\"https:\\\/\\\/erdalerkoc.com\\\/tr\\\/#organization\",\"name\":\"Op. Dr. Erdal Erko\u00e7 - Rhinoplasty Expert\",\"alternateName\":\"Rhinoplasty Expert\",\"url\":\"https:\\\/\\\/erdalerkoc.com\\\/tr\\\/\",\"logo\":{\"@type\":\"ImageObject\",\"inLanguage\":\"tr\",\"@id\":\"https:\\\/\\\/erdalerkoc.com\\\/tr\\\/#\\\/schema\\\/logo\\\/image\\\/\",\"url\":\"https:\\\/\\\/erdalerkoc.com\\\/wp-content\\\/uploads\\\/2025\\\/07\\\/logo-scaled-e1752750778321.png\",\"contentUrl\":\"https:\\\/\\\/erdalerkoc.com\\\/wp-content\\\/uploads\\\/2025\\\/07\\\/logo-scaled-e1752750778321.png\",\"width\":994,\"height\":555,\"caption\":\"Op. Dr. Erdal Erko\u00e7 - Rhinoplasty Expert\"},\"image\":{\"@id\":\"https:\\\/\\\/erdalerkoc.com\\\/tr\\\/#\\\/schema\\\/logo\\\/image\\\/\"},\"sameAs\":[\"https:\\\/\\\/x.com\\\/drerdalerkoc\",\"https:\\\/\\\/instagram.com\\\/drerdalerkoc\\\/\",\"https:\\\/\\\/www.youtube.com\\\/@drerdalerkoc\"]}]}<\/script>\n<!-- \/ Yoast SEO plugin. -->","yoast_head_json":{"title":"\u0130stanbul\u2019da Rinoplasti Fiyatlar\u0131 2026: Burun Esteti\u011fi \u00dccretleri Ne Kadar? | Op. Dr. Erdal Erko\u00e7","description":"\u0130stanbul, son y\u0131llarda rinoplasti (burun esteti\u011fi) alan\u0131nda hem yerli hem de yabanc\u0131 hastalar i\u00e7in \u00f6ne \u00e7\u0131kan bir sa\u011fl\u0131k merkezi haline gelmi\u015ftir. Geli\u015fmi\u015f sa\u011fl\u0131k altyap\u0131s\u0131, deneyimli cerrahlar ve farkl\u0131 b\u00fct\u00e7elere hitap eden se\u00e7enekler sayesinde \u015fehir, medikal turizmin en yo\u011fun noktalar\u0131ndan biri olarak dikkat \u00e7ekmektedir.Bu yaz\u0131da, \u0130stanbul\u2019da rinoplasti fiyatlar\u0131 2026, paket i\u00e7erikleri ve fiyatlar\u0131 etkileyen fakt\u00f6rler detayl\u0131 \u015fekilde ele al\u0131nmaktad\u0131r.","robots":{"index":"index","follow":"follow","max-snippet":"max-snippet:-1","max-image-preview":"max-image-preview:large","max-video-preview":"max-video-preview:-1"},"canonical":"https:\/\/erdalerkoc.com\/tr\/erdal-erkoc-clinic\/istanbulda-rinoplasti-fiyatlari-2026-burun-estetigi-ucretleri-ne-kadar\/","og_locale":"tr_TR","og_type":"article","og_title":"\u0130stanbul\u2019da Rinoplasti Fiyatlar\u0131 2026: Burun Esteti\u011fi \u00dccretleri Ne Kadar? | Op. Dr. Erdal Erko\u00e7","og_description":"\u0130stanbul, son y\u0131llarda rinoplasti (burun esteti\u011fi) alan\u0131nda hem yerli hem de yabanc\u0131 hastalar i\u00e7in \u00f6ne \u00e7\u0131kan bir sa\u011fl\u0131k merkezi haline gelmi\u015ftir. Geli\u015fmi\u015f sa\u011fl\u0131k altyap\u0131s\u0131, deneyimli cerrahlar ve farkl\u0131 b\u00fct\u00e7elere hitap eden se\u00e7enekler sayesinde \u015fehir, medikal turizmin en yo\u011fun noktalar\u0131ndan biri olarak dikkat \u00e7ekmektedir.Bu yaz\u0131da, \u0130stanbul\u2019da rinoplasti fiyatlar\u0131 2026, paket i\u00e7erikleri ve fiyatlar\u0131 etkileyen fakt\u00f6rler detayl\u0131 \u015fekilde ele al\u0131nmaktad\u0131r.","og_url":"https:\/\/erdalerkoc.com\/tr\/erdal-erkoc-clinic\/istanbulda-rinoplasti-fiyatlari-2026-burun-estetigi-ucretleri-ne-kadar\/","og_site_name":"Op. Dr. Erdal Erko\u00e7","article_modified_time":"2026-05-11T23:58:58+00:00","og_image":[{"width":673,"height":390,"url":"https:\/\/erdalerkoc.com\/wp-content\/uploads\/2026\/05\/Ekran-Resmi-2026-05-04-16.30.46.png","type":"image\/png"}],"twitter_card":"summary_large_image","twitter_site":"@drerdalerkoc","twitter_misc":{"Tahmini okuma s\u00fcresi":"4 dakika"},"schema":{"@context":"https:\/\/schema.org","@graph":[{"@type":"WebPage","@id":"https:\/\/erdalerkoc.com\/erdal-erkoc-clinic\/istanbulda-rinoplasti-fiyatlari-2026-burun-estetigi-ucretleri-ne-kadar\/","url":"https:\/\/erdalerkoc.com\/erdal-erkoc-clinic\/istanbulda-rinoplasti-fiyatlari-2026-burun-estetigi-ucretleri-ne-kadar\/","name":"\u0130stanbul\u2019da Rinoplasti Fiyatlar\u0131 2026: Burun Esteti\u011fi \u00dccretleri Ne Kadar? | Op. Dr. Erdal Erko\u00e7","isPartOf":{"@id":"https:\/\/erdalerkoc.com\/tr\/#website"},"primaryImageOfPage":{"@id":"https:\/\/erdalerkoc.com\/erdal-erkoc-clinic\/istanbulda-rinoplasti-fiyatlari-2026-burun-estetigi-ucretleri-ne-kadar\/#primaryimage"},"image":{"@id":"https:\/\/erdalerkoc.com\/erdal-erkoc-clinic\/istanbulda-rinoplasti-fiyatlari-2026-burun-estetigi-ucretleri-ne-kadar\/#primaryimage"},"thumbnailUrl":"https:\/\/erdalerkoc.com\/wp-content\/uploads\/2026\/05\/Ekran-Resmi-2026-05-04-16.30.46.png","datePublished":"2026-05-04T11:11:54+00:00","dateModified":"2026-05-11T23:58:58+00:00","description":"\u0130stanbul, son y\u0131llarda rinoplasti (burun esteti\u011fi) alan\u0131nda hem yerli hem de yabanc\u0131 hastalar i\u00e7in \u00f6ne \u00e7\u0131kan bir sa\u011fl\u0131k merkezi haline gelmi\u015ftir. Geli\u015fmi\u015f sa\u011fl\u0131k altyap\u0131s\u0131, deneyimli cerrahlar ve farkl\u0131 b\u00fct\u00e7elere hitap eden se\u00e7enekler sayesinde \u015fehir, medikal turizmin en yo\u011fun noktalar\u0131ndan biri olarak dikkat \u00e7ekmektedir.Bu yaz\u0131da, \u0130stanbul\u2019da rinoplasti fiyatlar\u0131 2026, paket i\u00e7erikleri ve fiyatlar\u0131 etkileyen fakt\u00f6rler detayl\u0131 \u015fekilde ele al\u0131nmaktad\u0131r.","breadcrumb":{"@id":"https:\/\/erdalerkoc.com\/erdal-erkoc-clinic\/istanbulda-rinoplasti-fiyatlari-2026-burun-estetigi-ucretleri-ne-kadar\/#breadcrumb"},"inLanguage":"tr","potentialAction":[{"@type":"ReadAction","target":["https:\/\/erdalerkoc.com\/erdal-erkoc-clinic\/istanbulda-rinoplasti-fiyatlari-2026-burun-estetigi-ucretleri-ne-kadar\/"]}]},{"@type":"ImageObject","inLanguage":"tr","@id":"https:\/\/erdalerkoc.com\/erdal-erkoc-clinic\/istanbulda-rinoplasti-fiyatlari-2026-burun-estetigi-ucretleri-ne-kadar\/#primaryimage","url":"https:\/\/erdalerkoc.com\/wp-content\/uploads\/2026\/05\/Ekran-Resmi-2026-05-04-16.30.46.png","contentUrl":"https:\/\/erdalerkoc.com\/wp-content\/uploads\/2026\/05\/Ekran-Resmi-2026-05-04-16.30.46.png"},{"@type":"BreadcrumbList","@id":"https:\/\/erdalerkoc.com\/erdal-erkoc-clinic\/istanbulda-rinoplasti-fiyatlari-2026-burun-estetigi-ucretleri-ne-kadar\/#breadcrumb","itemListElement":[{"@type":"ListItem","position":1,"name":"Anasayfa","item":"https:\/\/erdalerkoc.com\/"},{"@type":"ListItem","position":2,"name":"EE Clinic","item":"https:\/\/erdalerkoc.com\/erdal-erkoc-clinic\/"},{"@type":"ListItem","position":3,"name":"\u0130stanbul\u2019da Rinoplasti Fiyatlar\u0131 2026: Burun Esteti\u011fi \u00dccretleri Ne Kadar?"}]},{"@type":"WebSite","@id":"https:\/\/erdalerkoc.com\/tr\/#website","url":"https:\/\/erdalerkoc.com\/tr\/","name":"Op. Dr. Erdal Erko\u00e7","description":"Rinoplasti Uzman\u0131","publisher":{"@id":"https:\/\/erdalerkoc.com\/tr\/#organization"},"alternateName":"Rhinoplasty Expert","potentialAction":[{"@type":"SearchAction","target":{"@type":"EntryPoint","urlTemplate":"https:\/\/erdalerkoc.com\/tr\/?s={search_term_string}"},"query-input":{"@type":"PropertyValueSpecification","valueRequired":true,"valueName":"search_term_string"}}],"inLanguage":"tr"},{"@type":"Organization","@id":"https:\/\/erdalerkoc.com\/tr\/#organization","name":"Op. Dr. Erdal Erko\u00e7 - Rhinoplasty Expert","alternateName":"Rhinoplasty Expert","url":"https:\/\/erdalerkoc.com\/tr\/","logo":{"@type":"ImageObject","inLanguage":"tr","@id":"https:\/\/erdalerkoc.com\/tr\/#\/schema\/logo\/image\/","url":"https:\/\/erdalerkoc.com\/wp-content\/uploads\/2025\/07\/logo-scaled-e1752750778321.png","contentUrl":"https:\/\/erdalerkoc.com\/wp-content\/uploads\/2025\/07\/logo-scaled-e1752750778321.png","width":994,"height":555,"caption":"Op. Dr. Erdal Erko\u00e7 - Rhinoplasty Expert"},"image":{"@id":"https:\/\/erdalerkoc.com\/tr\/#\/schema\/logo\/image\/"},"sameAs":["https:\/\/x.com\/drerdalerkoc","https:\/\/instagram.com\/drerdalerkoc\/","https:\/\/www.youtube.com\/@drerdalerkoc"]}]}},"_links":{"self":[{"href":"https:\/\/erdalerkoc.com\/tr\/wp-json\/wp\/v2\/pages\/468","targetHints":{"allow":["GET"]}}],"collection":[{"href":"https:\/\/erdalerkoc.com\/tr\/wp-json\/wp\/v2\/pages"}],"about":[{"href":"https:\/\/erdalerkoc.com\/tr\/wp-json\/wp\/v2\/types\/page"}],"author":[{"embeddable":true,"href":"https:\/\/erdalerkoc.com\/tr\/wp-json\/wp\/v2\/users\/1"}],"replies":[{"embeddable":true,"href":"https:\/\/erdalerkoc.com\/tr\/wp-json\/wp\/v2\/comments?post=468"}],"version-history":[{"count":7,"href":"https:\/\/erdalerkoc.com\/tr\/wp-json\/wp\/v2\/pages\/468\/revisions"}],"predecessor-version":[{"id":508,"href":"https:\/\/erdalerkoc.com\/tr\/wp-json\/wp\/v2\/pages\/468\/revisions\/508"}],"up":[{"embeddable":true,"href":"https:\/\/erdalerkoc.com\/tr\/wp-json\/wp\/v2\/pages\/374"}],"wp:attachment":[{"href":"https:\/\/erdalerkoc.com\/tr\/wp-json\/wp\/v2\/media?parent=468"}],"curies":[{"name":"wp","href":"https:\/\/api.w.org\/{rel}","templated":true}]}}